{"id":89,"date":"2025-10-20T15:27:58","date_gmt":"2025-10-20T15:27:58","guid":{"rendered":"https:\/\/christianepieper.de\/?page_id=89"},"modified":"2025-11-04T16:44:20","modified_gmt":"2025-11-04T16:44:20","slug":"vita-christiane-pieper","status":"publish","type":"page","link":"https:\/\/christianepieper.de\/en\/vita-christiane-pieper\/","title":{"rendered":"VITA | CHRISTIANE PIEPER"},"content":{"rendered":"<section class=\"bde-section-89-100 bde-section\">\n  \n  \n\t\n\n\n\n<div class=\"section-container\"><div class=\"bde-columns-89-101 bde-columns\"><div class=\"bde-column-89-102 bde-column\">\n  \n  \n\t\n\n\n\n\n<\/div><div class=\"bde-column-89-103 bde-column\">\n  \n  \n\t\n\n\n\n<div class=\"bde-div-89-105 bde-div\">\n  \n  \n\t\n\n\n\n<h1 class=\"bde-heading-89-106 bde-heading\">\nMEDIA-FREE ISLAND OF ATTENTION\n<\/h1><div class=\"bde-text-89-107 bde-text\">\nComing from the field of analytical medical technology, where automatisms supplanted intuition, Christiane Pieper developed a desire for her own, unadulterated form of expression. Her path initially led her to journalism: words were her strength, but editorial guidelines remained a filter. Photography brought her closer to art, until only one logical step remained: painting. On the canvas, she found the direct language she had been searching for\u2014without intermediaries, without external influences.<br><br>Her color fields and abstract landscapes are a tribute to nature and the earth. Over the years, Pieper refined her main medium, oil, into her own haptically perceptible signature: clay soil from the garden, beeswax from the apiary, and fine orange oil create depth, transparency, and a gently glowing surface. The added materials are not an effect, but an attitude: painting that makes you feel what it is made of \u2013 and allows you to physically experience the connection to nature.<br><br>Christiane Pieper works in serial cycles in which layers of color and earthy tones condense into calm yet vibrant pictorial spaces. She understands her painting as a media-free island of attention: concentrated, decelerated, entirely in the here and now. The result is art that is not only viewed, but also experienced internally.<br><br>Today, Pieper's works are represented in various galleries, acquired by international collectors, and discovered year after year by a growing audience as a sustainable, meaningful investment. For her, this is both confirmation and a mission: authentic art creates a connection\u2014between the work, the artist, and the viewer.<br><br>Christiane Pieper was born in Munich in 1960 and lives and works on Lake Constance.\n<\/div>\n<\/div>\n<\/div><\/div><\/div>\n<\/section>","protected":false},"excerpt":{"rendered":"<p>MEDIENFREIE INSEL DER AUFMERK&shy;SAMKEIT Aus der analytischen Medizintechnik kommend, wo Automatismen jede Intuition verdr\u00e4ngten, wuchs in Christiane Pieper der Wunsch nach einem eigenen, unverstellten Ausdruck. Der Weg f\u00fchrte sie zun\u00e4chst in den Journalismus: Worte waren ihre St\u00e4rke, doch redaktionelle Vorgaben blieben ein Filter. Die Fotografie brachte sie n\u00e4her an die Kunst, bis nur noch ein [&hellip;]<\/p>\n","protected":false},"author":1,"featured_media":0,"parent":0,"menu_order":0,"comment_status":"closed","ping_status":"closed","template":"","meta":{"_breakdance_hide_in_design_set":false,"_breakdance_tags":"","footnotes":""},"class_list":["post-89","page","type-page","status-publish","hentry"],"_links":{"self":[{"href":"https:\/\/christianepieper.de\/en\/wp-json\/wp\/v2\/pages\/89","targetHints":{"allow":["GET"]}}],"collection":[{"href":"https:\/\/christianepieper.de\/en\/wp-json\/wp\/v2\/pages"}],"about":[{"href":"https:\/\/christianepieper.de\/en\/wp-json\/wp\/v2\/types\/page"}],"author":[{"embeddable":true,"href":"https:\/\/christianepieper.de\/en\/wp-json\/wp\/v2\/users\/1"}],"replies":[{"embeddable":true,"href":"https:\/\/christianepieper.de\/en\/wp-json\/wp\/v2\/comments?post=89"}],"version-history":[{"count":27,"href":"https:\/\/christianepieper.de\/en\/wp-json\/wp\/v2\/pages\/89\/revisions"}],"predecessor-version":[{"id":584,"href":"https:\/\/christianepieper.de\/en\/wp-json\/wp\/v2\/pages\/89\/revisions\/584"}],"wp:attachment":[{"href":"https:\/\/christianepieper.de\/en\/wp-json\/wp\/v2\/media?parent=89"}],"curies":[{"name":"wp","href":"https:\/\/api.w.org\/{rel}","templated":true}]}}