{"id":82,"date":"2025-10-20T15:12:23","date_gmt":"2025-10-20T15:12:23","guid":{"rendered":"https:\/\/christianepieper.de\/?page_id=82"},"modified":"2025-10-20T15:23:56","modified_gmt":"2025-10-20T15:23:56","slug":"impressum","status":"publish","type":"page","link":"https:\/\/christianepieper.de\/en\/impressum\/","title":{"rendered":"Legal notice"},"content":{"rendered":"<section class=\"bde-section-82-100 bde-section\">\n  \n  \n\t\n\n\n\n<div class=\"section-container\"><h1 class=\"bde-heading-82-102 bde-heading\">\nLegal notice\n<\/h1><div class=\"bde-rich-text-82-101 bde-rich-text breakdance-rich-text-styles\">\n<p><strong>Haftung f\u00fcr Inhalte:<br \/><\/strong><\/p><h3>Angaben gem\u00e4\u00df \u00a7 5 TMG<\/h3><p>Christiane Pieper<br \/>Atelier Christiane Pieper<br \/>Am Hauberg 30<br \/>78354 Sipplingen<\/p><h3>Kontakt<\/h3><p><a href=\"mailto:pieper.ch@icloud.com\" target=\"_blank\" rel=\"noopener\">pieper.ch@icloud.com<\/a><\/p><h3>Redaktionell verantwortlich<\/h3><p>Christiane Pieper<\/p><h3>Fotocopyright<\/h3><p>Das Fotocopyright liegt bei J\u00f6rg Rudolph, T\u00e4gerwilen - CH<\/p><h3>Verbraucher\u00adstreit\u00adbeilegung\/Universal\u00adschlichtungs\u00adstelle<\/h3><p>Wir sind nicht bereit oder verpflichtet, an Streitbeilegungsverfahren vor einer Verbraucherschlichtungsstelle teilzunehmen.<\/p><p>Als Diensteanbieter sind wir gem\u00e4\u00df \u00a7 7 Abs.1 TMG f\u00fcr eigene Inhalte auf diesen Seiten nach den allgemeinen Gesetzen verantwortlich. Nach \u00a7 8 bis 10 TMG sind wir als Diensteanbieter jedoch nicht verpflichtet, \u00fcbermittelte oder gespeicherte fremde Informationen zu \u00fcberwachen oder nach Umst\u00e4nden zu forschen, die auf eine rechtswidrige T\u00e4tigkeit hinweisen.<\/p><p>Verpflichtungen zur Entfernung oder Sperrung der Nutzung von Informationen nach den allgemeinen Gesetzen bleiben hiervon unber\u00fchrt. Eine diesbez\u00fcgliche Haftung ist jedoch erst ab dem Zeitpunkt der Kenntnis einer konkreten Rechtsverletzung m\u00f6glich. Bei Bekanntwerden von entsprechenden Rechtsverletzungen werden wir diese Inhalte umgehend entfernen.<\/p><p><strong>Haftung f\u00fcr Links:<\/strong><br \/>Unser Angebot enth\u00e4lt Links zu externen Websites Dritter, auf deren Inhalte wir keinen Einfluss haben. Deshalb k\u00f6nnen wir f\u00fcr diese fremden Inhalte auch keine Gew\u00e4hr \u00fcbernehmen. F\u00fcr die Inhalte der verlinkten Seiten ist stets der jeweilige Anbieter oder Betreiber der Seiten verantwortlich. Die verlinkten Seiten wurden zum Zeitpunkt der Verlinkung auf m\u00f6gliche Rechtsverst\u00f6\u00dfe \u00fcberpr\u00fcft. Rechtswidrige Inhalte waren zum Zeitpunkt der Verlinkung nicht erkennbar.<\/p><p>Eine permanente inhaltliche Kontrolle der verlinkten Seiten ist jedoch ohne konkrete Anhaltspunkte einer Rechtsverletzung nicht zumutbar. Bei Bekanntwerden von Rechtsverletzungen werden wir derartige Links umgehend entfernen.<\/p><p><strong>Urheberrecht:<\/strong><br \/>Die durch die Seitenbetreiber erstellten Inhalte und Werke auf diesen Seiten unterliegen dem deutschen Urheberrecht. Die Vervielf\u00e4ltigung, Bearbeitung, Verbreitung und jede Art der Verwertung au\u00dferhalb der Grenzen des Urheberrechtes bed\u00fcrfen der schriftlichen Zustimmung des jeweiligen Autors bzw. Erstellers. Downloads und Kopien dieser Seite sind weder f\u00fcr den privaten, noch kommerziellen Gebrauch gestattet.<\/p><p>Soweit die Inhalte auf dieser Seite nicht vom Betreiber erstellt wurden, werden die Urheberrechte Dritter beachtet. Insbesondere werden Inhalte Dritter als solche gekennzeichnet. Sollten Sie trotzdem auf eine Urheberrechtsverletzung aufmerksam werden, bitten wir um einen entsprechenden Hinweis. Bei Bekanntwerden von Rechtsverletzungen werden wir derartige Inhalte umgehend entfernen.<\/p>\n<\/div><\/div>\n<\/section>","protected":false},"excerpt":{"rendered":"<p>Impressum Haftung f\u00fcr Inhalte:Angaben gem\u00e4\u00df \u00a7 5 TMGChristiane PieperAtelier Christiane PieperAm Hauberg 3078354 SipplingenKontaktpieper.ch@icloud.comRedaktionell verantwortlichChristiane PieperFotocopyrightDas Fotocopyright liegt bei J\u00f6rg Rudolph, T\u00e4gerwilen &#8211; CHVerbraucher\u00adstreit\u00adbeilegung\/Universal\u00adschlichtungs\u00adstelleWir sind nicht bereit oder verpflichtet, an Streitbeilegungsverfahren vor einer Verbraucherschlichtungsstelle teilzunehmen.Als Diensteanbieter sind wir gem\u00e4\u00df \u00a7 7 Abs.1 TMG f\u00fcr eigene Inhalte auf diesen Seiten nach den allgemeinen Gesetzen verantwortlich. Nach [&hellip;]<\/p>\n","protected":false},"author":1,"featured_media":0,"parent":0,"menu_order":0,"comment_status":"closed","ping_status":"closed","template":"","meta":{"_breakdance_hide_in_design_set":false,"_breakdance_tags":"","footnotes":""},"class_list":["post-82","page","type-page","status-publish","hentry"],"_links":{"self":[{"href":"https:\/\/christianepieper.de\/en\/wp-json\/wp\/v2\/pages\/82","targetHints":{"allow":["GET"]}}],"collection":[{"href":"https:\/\/christianepieper.de\/en\/wp-json\/wp\/v2\/pages"}],"about":[{"href":"https:\/\/christianepieper.de\/en\/wp-json\/wp\/v2\/types\/page"}],"author":[{"embeddable":true,"href":"https:\/\/christianepieper.de\/en\/wp-json\/wp\/v2\/users\/1"}],"replies":[{"embeddable":true,"href":"https:\/\/christianepieper.de\/en\/wp-json\/wp\/v2\/comments?post=82"}],"version-history":[{"count":5,"href":"https:\/\/christianepieper.de\/en\/wp-json\/wp\/v2\/pages\/82\/revisions"}],"predecessor-version":[{"id":88,"href":"https:\/\/christianepieper.de\/en\/wp-json\/wp\/v2\/pages\/82\/revisions\/88"}],"wp:attachment":[{"href":"https:\/\/christianepieper.de\/en\/wp-json\/wp\/v2\/media?parent=82"}],"curies":[{"name":"wp","href":"https:\/\/api.w.org\/{rel}","templated":true}]}}