{"id":773,"date":"2025-11-17T12:55:28","date_gmt":"2025-11-17T12:55:28","guid":{"rendered":"https:\/\/christianepieper.de\/?page_id=773"},"modified":"2025-11-17T13:18:22","modified_gmt":"2025-11-17T13:18:22","slug":"kleines-format","status":"publish","type":"page","link":"https:\/\/christianepieper.de\/en\/kleines-format\/","title":{"rendered":"Small Format"},"content":{"rendered":"<section class=\"bde-section-773-100 bde-section\">\n  \n  \n\t\n\n\n\n<div class=\"section-container\"><h1 class=\"bde-heading-773-101 bde-heading\">\nSmall Format\n<\/h1><\/div>\n<\/section><section class=\"bde-section-773-104 bde-section\">\n  \n  \n\t\n\n\n\n<div class=\"section-container\"><div class=\"bde-columns-773-105 bde-columns\"><div class=\"bde-column-773-106 bde-column\">\n  \n  \n\t\n\n\n\n<img decoding=\"async\" class=\"bde-image2-773-107 bde-image2\" src=\"https:\/\/christianepieper.de\/wp-content\/uploads\/2025\/11\/WordPschwarze-Johan.jpg\" alt=\"Naturgem\u00e4\u00dfe schwarze Beeren auf einem Holzuntergrund, stilllebenartige Darstellung.\" loading=\"lazy\" srcset=\"https:\/\/christianepieper.de\/wp-content\/uploads\/2025\/11\/WordPschwarze-Johan.jpg 550w, https:\/\/christianepieper.de\/wp-content\/uploads\/2025\/11\/WordPschwarze-Johan-300x300.jpg 300w, https:\/\/christianepieper.de\/wp-content\/uploads\/2025\/11\/WordPschwarze-Johan-150x150.jpg 150w\" sizes=\"(max-width: 550px) 100vw, 550px\">\n<\/div><div class=\"bde-column-773-108 bde-column\">\n  \n  \n\t\n\n\n\n<img decoding=\"async\" class=\"bde-image2-773-109 bde-image2\" src=\"https:\/\/christianepieper.de\/wp-content\/uploads\/2025\/11\/WordPHimbeereIMG_7041.jpg\" alt=\"Himbeere auf abstrakt gemaltem Hintergrund, Kunstwerk von Christiane Pieper.\" loading=\"lazy\" srcset=\"https:\/\/christianepieper.de\/wp-content\/uploads\/2025\/11\/WordPHimbeereIMG_7041.jpg 550w, https:\/\/christianepieper.de\/wp-content\/uploads\/2025\/11\/WordPHimbeereIMG_7041-300x300.jpg 300w, https:\/\/christianepieper.de\/wp-content\/uploads\/2025\/11\/WordPHimbeereIMG_7041-150x150.jpg 150w\" sizes=\"(max-width: 550px) 100vw, 550px\">\n<\/div><div class=\"bde-column-773-110 bde-column\">\n  \n  \n\t\n\n\n\n<img decoding=\"async\" class=\"bde-image2-773-111 bde-image2\" src=\"https:\/\/christianepieper.de\/wp-content\/uploads\/2025\/11\/Wordp-JohannisbIMG_4028.jpg\" alt=\"Erdbeer-Rispe im Stillleben, \u00d6l auf Leinwand, k\u00fcnstlerisch gemalte Obstszenen.\" loading=\"lazy\" srcset=\"https:\/\/christianepieper.de\/wp-content\/uploads\/2025\/11\/Wordp-JohannisbIMG_4028.jpg 497w, https:\/\/christianepieper.de\/wp-content\/uploads\/2025\/11\/Wordp-JohannisbIMG_4028-300x300.jpg 300w, https:\/\/christianepieper.de\/wp-content\/uploads\/2025\/11\/Wordp-JohannisbIMG_4028-150x150.jpg 150w\" sizes=\"(max-width: 497px) 100vw, 497px\">\n<\/div><\/div><div class=\"bde-columns-773-112 bde-columns\"><div class=\"bde-column-773-113 bde-column\">\n  \n  \n\t\n\n\n\n<img decoding=\"async\" class=\"bde-image2-773-114 bde-image2\" src=\"https:\/\/christianepieper.de\/wp-content\/uploads\/2025\/11\/WordPArtischocke-20x20IMG_2727.jpg\" alt=\"Frischer gr\u00fcner Spargel, handgemalt, stilvolle Kunst auf schwarzem Hintergrund.\" loading=\"lazy\" srcset=\"https:\/\/christianepieper.de\/wp-content\/uploads\/2025\/11\/WordPArtischocke-20x20IMG_2727.jpg 650w, https:\/\/christianepieper.de\/wp-content\/uploads\/2025\/11\/WordPArtischocke-20x20IMG_2727-300x300.jpg 300w, https:\/\/christianepieper.de\/wp-content\/uploads\/2025\/11\/WordPArtischocke-20x20IMG_2727-150x150.jpg 150w\" sizes=\"(max-width: 650px) 100vw, 650px\">\n<\/div><div class=\"bde-column-773-115 bde-column\">\n  \n  \n\t\n\n\n\n<img decoding=\"async\" class=\"bde-image2-773-116 bde-image2\" src=\"https:\/\/christianepieper.de\/wp-content\/uploads\/2025\/11\/WordP-BrombeerenIMG_4828-1.jpg\" alt=\"Saftige Trauben auf Holztisch, Obst, gesunde Ern\u00e4hrung, Frisch, naturbelassen.\" loading=\"lazy\" srcset=\"https:\/\/christianepieper.de\/wp-content\/uploads\/2025\/11\/WordP-BrombeerenIMG_4828-1.jpg 428w, https:\/\/christianepieper.de\/wp-content\/uploads\/2025\/11\/WordP-BrombeerenIMG_4828-1-300x300.jpg 300w, https:\/\/christianepieper.de\/wp-content\/uploads\/2025\/11\/WordP-BrombeerenIMG_4828-1-150x150.jpg 150w\" sizes=\"(max-width: 428px) 100vw, 428px\">\n<\/div><div class=\"bde-column-773-117 bde-column\">\n  \n  \n\t\n\n\n\n<img decoding=\"async\" class=\"bde-image2-773-118 bde-image2\" src=\"https:\/\/christianepieper.de\/wp-content\/uploads\/2025\/11\/wordpressIMG_2974.jpg\" alt=\"Schmetterlings\u00e4hnliche Kunstst\u00fcck auf dunklem Holz-Hintergrund.\" loading=\"lazy\" srcset=\"https:\/\/christianepieper.de\/wp-content\/uploads\/2025\/11\/wordpressIMG_2974.jpg 910w, https:\/\/christianepieper.de\/wp-content\/uploads\/2025\/11\/wordpressIMG_2974-297x300.jpg 297w, https:\/\/christianepieper.de\/wp-content\/uploads\/2025\/11\/wordpressIMG_2974-768x776.jpg 768w\" sizes=\"(max-width: 910px) 100vw, 910px\">\n<\/div><\/div><div class=\"bde-columns-773-119 bde-columns\"><div class=\"bde-column-773-120 bde-column\">\n  \n  \n\t\n\n\n\n<img decoding=\"async\" class=\"bde-image2-773-121 bde-image2\" src=\"https:\/\/christianepieper.de\/wp-content\/uploads\/2025\/11\/Bildschirmfoto-2025-11-12-um-15.03.26-1.png\" alt=\"Farbenfrohes abstraktes Gem\u00e4lde in Blau- und Gr\u00fcnt\u00f6nen, K\u00fcnstler Christiane Pieper.\" loading=\"lazy\" srcset=\"https:\/\/christianepieper.de\/wp-content\/uploads\/2025\/11\/Bildschirmfoto-2025-11-12-um-15.03.26-1.png 1030w, https:\/\/christianepieper.de\/wp-content\/uploads\/2025\/11\/Bildschirmfoto-2025-11-12-um-15.03.26-1-300x300.png 300w, https:\/\/christianepieper.de\/wp-content\/uploads\/2025\/11\/Bildschirmfoto-2025-11-12-um-15.03.26-1-1024x1024.png 1024w, https:\/\/christianepieper.de\/wp-content\/uploads\/2025\/11\/Bildschirmfoto-2025-11-12-um-15.03.26-1-150x150.png 150w, https:\/\/christianepieper.de\/wp-content\/uploads\/2025\/11\/Bildschirmfoto-2025-11-12-um-15.03.26-1-768x768.png 768w\" sizes=\"(max-width: 1030px) 100vw, 1030px\">\n<\/div><div class=\"bde-column-773-122 bde-column\">\n  \n  \n\t\n\n\n\n<img decoding=\"async\" class=\"bde-image2-773-123 bde-image2\" src=\"https:\/\/christianepieper.de\/wp-content\/uploads\/2025\/11\/Bildschirmfoto-2025-11-12-um-15.03.08.png\" alt=\"Segelboote auf dem Wasser, maritimes Motiv, Segelschiff, Yacht, Wassersport, Segelkunst, maritime Malerei, Meereskunst, nautisches Bild, segelndes Boot.\" loading=\"lazy\" srcset=\"https:\/\/christianepieper.de\/wp-content\/uploads\/2025\/11\/Bildschirmfoto-2025-11-12-um-15.03.08.png 1036w, https:\/\/christianepieper.de\/wp-content\/uploads\/2025\/11\/Bildschirmfoto-2025-11-12-um-15.03.08-300x300.png 300w, https:\/\/christianepieper.de\/wp-content\/uploads\/2025\/11\/Bildschirmfoto-2025-11-12-um-15.03.08-1024x1024.png 1024w, https:\/\/christianepieper.de\/wp-content\/uploads\/2025\/11\/Bildschirmfoto-2025-11-12-um-15.03.08-150x150.png 150w, https:\/\/christianepieper.de\/wp-content\/uploads\/2025\/11\/Bildschirmfoto-2025-11-12-um-15.03.08-768x768.png 768w\" sizes=\"(max-width: 1036px) 100vw, 1036px\">\n<\/div><div class=\"bde-column-773-124 bde-column\">\n  \n  \n\t\n\n\n\n<img decoding=\"async\" class=\"bde-image2-773-125 bde-image2\" src=\"https:\/\/christianepieper.de\/wp-content\/uploads\/2025\/11\/Wordpr-Segel-rot-2025-11-12-um-15.02.46.png\" alt=\"Verschobene k\u00fcnstlerische Zeichnung eines Gesichts, abstrakte Malerei, moderne Kunstwerk.\" loading=\"lazy\" srcset=\"https:\/\/christianepieper.de\/wp-content\/uploads\/2025\/11\/Wordpr-Segel-rot-2025-11-12-um-15.02.46.png 550w, https:\/\/christianepieper.de\/wp-content\/uploads\/2025\/11\/Wordpr-Segel-rot-2025-11-12-um-15.02.46-300x300.png 300w, https:\/\/christianepieper.de\/wp-content\/uploads\/2025\/11\/Wordpr-Segel-rot-2025-11-12-um-15.02.46-150x150.png 150w\" sizes=\"(max-width: 550px) 100vw, 550px\">\n<\/div><\/div><\/div>\n<\/section><section class=\"bde-section-773-126 bde-section\">\n  \n  \n\t\n\n\n\n<div class=\"section-container\"><h3 class=\"bde-heading-773-127 bde-heading\">\nAvailable on request\n<\/h3><div class=\"bde-text-773-128 bde-text\">\n1-9<br>25 x 25 cm | Mixed Media, Oil on Paper or wood\n<\/div><div class=\"bde-button-773-129 bde-button\">\n        \n    \n    \n    \n    \n            \n                    \n            \n            \n\n    \n    \n    \n    \n    \n    <a class=\"breakdance-link button-atom button-atom--secondary bde-button__button\" href=\"https:\/\/christianepieper.de\/en\/anfrage-christiane-pieper\/\" target=\"_self\" data-type=\"url\"  >\n\n    \n        <span class=\"button-atom__text\">REQUEST<\/span>\n\n        \n        \n                <\/a>\n\n    \n\n\n<\/div><\/div>\n<\/section>","protected":false},"excerpt":{"rendered":"<p>Kleines Format Available on request 1-925 x 25 cm | Mixed Media, Oil on Paper or wood ANFRAGEN<\/p>","protected":false},"author":1,"featured_media":0,"parent":0,"menu_order":0,"comment_status":"closed","ping_status":"closed","template":"","meta":{"_breakdance_hide_in_design_set":false,"_breakdance_tags":"","footnotes":""},"class_list":["post-773","page","type-page","status-publish","hentry"],"_links":{"self":[{"href":"https:\/\/christianepieper.de\/en\/wp-json\/wp\/v2\/pages\/773","targetHints":{"allow":["GET"]}}],"collection":[{"href":"https:\/\/christianepieper.de\/en\/wp-json\/wp\/v2\/pages"}],"about":[{"href":"https:\/\/christianepieper.de\/en\/wp-json\/wp\/v2\/types\/page"}],"author":[{"embeddable":true,"href":"https:\/\/christianepieper.de\/en\/wp-json\/wp\/v2\/users\/1"}],"replies":[{"embeddable":true,"href":"https:\/\/christianepieper.de\/en\/wp-json\/wp\/v2\/comments?post=773"}],"version-history":[{"count":6,"href":"https:\/\/christianepieper.de\/en\/wp-json\/wp\/v2\/pages\/773\/revisions"}],"predecessor-version":[{"id":780,"href":"https:\/\/christianepieper.de\/en\/wp-json\/wp\/v2\/pages\/773\/revisions\/780"}],"wp:attachment":[{"href":"https:\/\/christianepieper.de\/en\/wp-json\/wp\/v2\/media?parent=773"}],"curies":[{"name":"wp","href":"https:\/\/api.w.org\/{rel}","templated":true}]}}