{"id":14,"date":"2025-10-19T15:31:27","date_gmt":"2025-10-19T15:31:27","guid":{"rendered":"https:\/\/christianepieper.de\/?page_id=14"},"modified":"2026-02-24T10:55:53","modified_gmt":"2026-02-24T10:55:53","slug":"christiane-pieper-analoge-klarheit","status":"publish","type":"page","link":"https:\/\/christianepieper.de\/en\/","title":{"rendered":"Christiane Pieper \u2013 ANALOGE KLARHEIT"},"content":{"rendered":"<section class=\"bde-section-14-100 bde-section\">\n              \n  \n  \n\t\n\n  <div class=\"section-background-overlay\"><\/div>\n\n\n<div class=\"section-container\"><div class=\"bde-video-14-102 bde-video\">\n<div class=\"ee-video-container\">\n            \n                                                    \n                                <div class=\"ee-video ee-vimeo\">\n                    <iframe\n                            class=\"ee-video lozad\"\n                    title=\"\"\n                    data-src=\n                    \"https:\/\/player.vimeo.com\/video\/1128628776?dnt=1&amp;app_id=122963&autoplay=1&controls=0&loop=1&muted=1                    \"\n                    width=\"100%\" height=\"100%\" frameborder=\"0\"\n                    allow=\"autoplay; fullscreen; picture-in-picture\" allowfullscreen>\n                    <\/iframe>\n                <\/div>\n                    \n            \n    <\/div>\n\n<\/div><\/div>\n<\/section><section class=\"bde-section-14-103 bde-section\">\n  \n  \n\t\n\n\n\n<div class=\"section-container\"><h1 class=\"bde-heading-14-104 bde-heading\">\nARTIST STATEMENT -<br>Analog Clarity\n<\/h1><div class=\"bde-text-14-105 bde-text\">\nIn a world characterized by constant availability, digital acceleration, and endless stimuli, it is easy to lose sight of what is essential. Paradoxically, the abundance of impressions creates an inner emptiness \u2013 a lack of real, quiet experience.<br><br>My art is a conscious counterpoint to this restlessness. It invites us to slow down, to reduce, and to return to the analog. I believe that we find inner peace not through ever-new stimuli, but through conscious, concentrated seeing in the here and now \u2013 with our bodies, our breath, and our full attention.<br><br>My paintings are created in an attitude of clarity and presence: reduced, elegantly minimalist, and resistant to rapid consumption. I work with analog materials and use color fields in shades of blue, green, and earth tones that open up spaces where silence can be experienced. These color spaces are not loud stages, but quiet landscapes where one can encounter oneself.<br><br>My works are invitations to look without a goal, to follow the rhythm of one's own perception, and to open oneself to what happens in silence. Those who engage with them can find not only an aesthetic experience, but also a piece of inner balance and clarity \u2014 a return to oneself.<br><br>\n<\/div><\/div>\n<\/section><section class=\"bde-section-14-110 bde-section\">\n  \n  \n\t\n\n\n\n<div class=\"section-container\"><h2 class=\"bde-heading-14-119 bde-heading\">\nReferences\n<\/h2><div class=\"bde-columns-14-113 bde-columns\"><div class=\"bde-column-14-114 bde-column\">\n  \n  \n\t\n\n\n\n<div class=\"bde-text-14-112 bde-text\">\n\"A free, intuitive creative process forms the basis of Christiane Pieper's works, which fascinate with their harmonious color spectrums and lively drama... She understands color as an independent means of expression in the field of tension between spatial sensitivity and resistance to limitations. For Christiane Pieper, painting is a path to inner peace and an expression of her impulsive yet reflective working method. Her paintings combine unbridled energy with a vibrant yet balanced dynamism.\"\n<\/div><div class=\"bde-text-14-117 bde-text\">\nJuliane Lachenmann M.A., Kunsthistorikerin und Galeristin\n<\/div>\n<\/div><div class=\"bde-column-14-115 bde-column\">\n  \n  \n\t\n\n\n\n<div class=\"bde-text-14-116 bde-text\">\n\"If you take the time and allow yourself to be drawn into this world of colors, which radiate a very unique power, spaces open up that are very different from the illusory spaces of representational painting. The often thinly applied paint allows deeper layers to be glimpsed. Impressions of nature (textures of stone surfaces and wood, etc.) are gradually abstracted in a lengthy process and freed from external form and three-dimensionality, allowing the corresponding color fields to emancipate themselves from their models and begin to take effect on their own.\" <br>\n<\/div><div class=\"bde-text-14-118 bde-text\">\nProf. J\u00f6rg Bachhofer, M\u00fcnchen - N\u00fcrnberg<br>\n<\/div>\n<\/div><\/div><\/div>\n<\/section>","protected":false},"excerpt":{"rendered":"<p>ARTIST STATEMENT -ANALOGE KLARHEIT In einer Welt, die von st\u00e4ndiger Verf\u00fcgbarkeit, digitaler Beschleunigung und unendlichen Reizen gepr\u00e4gt ist, droht das Wesentliche oft aus dem Blick zu geraten. Die \u00dcberf\u00fclle an Eindr\u00fccken erzeugt paradoxerweise eine innere Leere \u2013 einen Mangel an wirklicher, stiller Erfahrung.Meine Kunst ist ein bewusster Gegenentwurf zu dieser Rastlosigkeit. Sie l\u00e4dt ein zur [&hellip;]<\/p>\n","protected":false},"author":1,"featured_media":0,"parent":0,"menu_order":0,"comment_status":"closed","ping_status":"closed","template":"","meta":{"_breakdance_hide_in_design_set":false,"_breakdance_tags":"","footnotes":""},"class_list":["post-14","page","type-page","status-publish","hentry"],"_links":{"self":[{"href":"https:\/\/christianepieper.de\/en\/wp-json\/wp\/v2\/pages\/14","targetHints":{"allow":["GET"]}}],"collection":[{"href":"https:\/\/christianepieper.de\/en\/wp-json\/wp\/v2\/pages"}],"about":[{"href":"https:\/\/christianepieper.de\/en\/wp-json\/wp\/v2\/types\/page"}],"author":[{"embeddable":true,"href":"https:\/\/christianepieper.de\/en\/wp-json\/wp\/v2\/users\/1"}],"replies":[{"embeddable":true,"href":"https:\/\/christianepieper.de\/en\/wp-json\/wp\/v2\/comments?post=14"}],"version-history":[{"count":34,"href":"https:\/\/christianepieper.de\/en\/wp-json\/wp\/v2\/pages\/14\/revisions"}],"predecessor-version":[{"id":1078,"href":"https:\/\/christianepieper.de\/en\/wp-json\/wp\/v2\/pages\/14\/revisions\/1078"}],"wp:attachment":[{"href":"https:\/\/christianepieper.de\/en\/wp-json\/wp\/v2\/media?parent=14"}],"curies":[{"name":"wp","href":"https:\/\/api.w.org\/{rel}","templated":true}]}}