{"id":116,"date":"2025-10-20T16:11:12","date_gmt":"2025-10-20T16:11:12","guid":{"rendered":"https:\/\/christianepieper.de\/?page_id=116"},"modified":"2025-11-04T09:45:46","modified_gmt":"2025-11-04T09:45:46","slug":"ausstellungen-christiane-pieper","status":"publish","type":"page","link":"https:\/\/christianepieper.de\/en\/ausstellungen-christiane-pieper\/","title":{"rendered":"Ausstellungen | Christiane Pieper"},"content":{"rendered":"<section class=\"bde-section-116-100 bde-section\">\n  \n  \n\t\n\n\n\n<div class=\"section-container\"><h1 class=\"bde-heading-116-101 bde-heading\">\nImpressions \u2013 Selection\n<\/h1><\/div>\n<\/section><section class=\"bde-section-116-102 bde-section\">\n              \n  \n  \n\t\n\n  <div class=\"section-background-overlay\"><\/div>\n\n\n<div class=\"section-container\"><div class=\"bde-columns-116-103 bde-columns\"><div class=\"bde-column-116-104 bde-column\">\n  \n  \n\t\n\n\n\n<h1 class=\"bde-heading-116-106 bde-heading\">\nART MUC\n<\/h1><div class=\"bde-text-116-107 bde-text\">\nM\u00fcnchen 01. - 04. Mai 2025\n<\/div><a class=\"bde-text-link-116-108 bde-text-link breakdance-link\" href=\"http:\/\/artmuc.info\/\" target=\"_blank\" data-type=\"url\">\n  artmuc.info\n\n<\/a>\n<\/div><div class=\"bde-column-116-105 bde-column\">\n  \n  \n\t\n\n\n\n\n<\/div><\/div><div class=\"bde-columns-116-109 bde-columns\"><div class=\"bde-column-116-110 bde-column\">\n  \n  \n\t\n\n\n\n<h1 class=\"bde-heading-116-111 bde-heading\">\nLACHENMANN ART KONSTANZ\n<\/h1><div class=\"bde-text-116-112 bde-text\">\nEinzelausstellung<br>Konstanz 01. Februar - 22. M\u00e4rz 2025\n<\/div><a class=\"bde-text-link-116-113 bde-text-link breakdance-link\" href=\"http:\/\/lachenmann-art.com\/\" target=\"_blank\" data-type=\"url\">\n  lachenmann-art.com\n\n<\/a>\n<\/div><div class=\"bde-column-116-114 bde-column\">\n  \n  \n\t\n\n\n\n\n<\/div><\/div><div class=\"bde-columns-116-115 bde-columns\"><div class=\"bde-column-116-116 bde-column\">\n  \n  \n\t\n\n\n\n<h1 class=\"bde-heading-116-117 bde-heading\">\nJubil\u00e4ums&shy;ausstellung LACHENMANN ART KONSTANZ\n<\/h1><div class=\"bde-text-116-118 bde-text\">\n10 Jahre Lachenmann Art in Konstanz 18.10. 2024 - 24.01.2025\n<\/div><a class=\"bde-text-link-116-121 bde-text-link breakdance-link\" href=\"http:\/\/lachenmann-art.com\/\" target=\"_blank\" data-type=\"url\">\n  lachenmann-art.com\n\n<\/a>\n<\/div><div class=\"bde-column-116-120 bde-column\">\n  \n  \n\t\n\n\n\n\n<\/div><\/div><div class=\"bde-columns-116-122 bde-columns\"><div class=\"bde-column-116-123 bde-column\">\n  \n  \n\t\n\n\n\n<h1 class=\"bde-heading-116-124 bde-heading\">\nINC ART Fair Bodensee\n<\/h1><div class=\"bde-text-116-125 bde-text\">\nDornbirn - 15. - 17. 11.2024\n<\/div><a class=\"bde-text-link-116-126 bde-text-link breakdance-link\" href=\"http:\/\/inc-artfair.info\/\" target=\"_blank\" data-type=\"url\">\n  inc-artfair.info\/\n\n<\/a>\n<\/div><div class=\"bde-column-116-127 bde-column\">\n  \n  \n\t\n\n\n\n\n<\/div><\/div><div class=\"bde-columns-116-128 bde-columns\"><div class=\"bde-column-116-129 bde-column\">\n  \n  \n\t\n\n\n\n<h1 class=\"bde-heading-116-130 bde-heading\">\nGalerie 149 Bremerhaven\n<\/h1><div class=\"bde-text-116-131 bde-text\">\nEinzelausstellung<br>Bremerhaven 25.05. - 22.06. 2024\n<\/div><a class=\"bde-text-link-116-132 bde-text-link breakdance-link\" href=\"https:\/\/galerie-149.de\" target=\"_blank\" data-type=\"url\">\n  galerie-149.de\n\n<\/a>\n<\/div><div class=\"bde-column-116-133 bde-column\">\n  \n  \n\t\n\n\n\n\n<\/div><\/div><div class=\"bde-columns-116-134 bde-columns\"><div class=\"bde-column-116-135 bde-column\">\n  \n  \n\t\n\n\n\n<h1 class=\"bde-heading-116-136 bde-heading\">\nART MUC\n<\/h1><div class=\"bde-text-116-137 bde-text\">\nM\u00fcnchen 12. - 14. April 2024\n<\/div><a class=\"bde-text-link-116-138 bde-text-link breakdance-link\" href=\"http:\/\/artmuc.info\/\" target=\"_blank\" data-type=\"url\">\n  artmuc.info\/\n\n<\/a>\n<\/div><div class=\"bde-column-116-139 bde-column\">\n  \n  \n\t\n\n\n\n\n<\/div><\/div><div class=\"bde-columns-116-140 bde-columns\"><div class=\"bde-column-116-141 bde-column\">\n  \n  \n\t\n\n\n\n<h1 class=\"bde-heading-116-142 bde-heading\">\nLACHENMANN ART FRANKFURT\n<\/h1><div class=\"bde-text-116-143 bde-text\">\nFrankfurt \u2013 22.07. \u2013 01.09.2023\n<\/div><a class=\"bde-text-link-116-144 bde-text-link breakdance-link\" href=\"https:\/\/lachenmann-art.com\" target=\"_blank\" data-type=\"url\">\n  lachenmann-art.com\n\n<\/a>\n<\/div><div class=\"bde-column-116-145 bde-column\">\n  \n  \n\t\n\n\n\n\n<\/div><\/div><div class=\"bde-columns-116-146 bde-columns\"><div class=\"bde-column-116-147 bde-column\">\n  \n  \n\t\n\n\n\n<h1 class=\"bde-heading-116-148 bde-heading\">\nschloss Nymphenburg\n<\/h1><div class=\"bde-text-116-149 bde-text\">\nSchloss Nymphenburg M\u00fcnchen, Geranienhaus 18.08.22.08 2023\n<\/div>\n<\/div><div class=\"bde-column-116-151 bde-column\">\n  \n  \n\t\n\n\n\n\n<\/div><\/div><div class=\"bde-columns-116-152 bde-columns\"><div class=\"bde-column-116-153 bde-column\">\n  \n  \n\t\n\n\n\n<h1 class=\"bde-heading-116-154 bde-heading\">\nmunich art house\n<\/h1><div class=\"bde-text-116-155 bde-text\">\nM\u00fcnchen 29.04. - 01 . 05. 2023\n<\/div><a class=\"bde-text-link-116-156 bde-text-link breakdance-link\" href=\"https:\/\/artmuc.info\" target=\"_blank\" data-type=\"url\">\n  artmuc.info\n\n<\/a>\n<\/div><div class=\"bde-column-116-157 bde-column\">\n  \n  \n\t\n\n\n\n\n<\/div><\/div><div class=\"bde-columns-116-158 bde-columns\"><div class=\"bde-column-116-159 bde-column\">\n  \n  \n\t\n\n\n\n<h1 class=\"bde-heading-116-160 bde-heading\">\nReflexion\n<\/h1><div class=\"bde-text-116-161 bde-text\">\nEinzelausstellung<br>St\u00e4dtisches Museum Engen 12.11.2022 - 23.01.2023\n<\/div><a class=\"bde-text-link-116-162 bde-text-link breakdance-link\" href=\"http:\/\/museum-engen.de\/\" target=\"_blank\" data-type=\"url\">\n  museum-engen.de\n\n<\/a>\n<\/div><div class=\"bde-column-116-163 bde-column\">\n  \n  \n\t\n\n\n\n\n<\/div><\/div><div class=\"bde-columns-116-176 bde-columns\"><div class=\"bde-column-116-177 bde-column\">\n  \n  \n\t\n\n\n\n<h1 class=\"bde-heading-116-178 bde-heading\">\nLAchenmann Art\n<\/h1><div class=\"bde-text-116-179 bde-text\">\nFrankfurt 26.03. - 29.04 2022\n<\/div><a class=\"bde-text-link-116-180 bde-text-link breakdance-link\" href=\"http:\/\/lachenmann-art.com\/\" target=\"_blank\" data-type=\"url\">\n  lachenmann-art.com\n\n<\/a>\n<\/div><div class=\"bde-column-116-181 bde-column\">\n  \n  \n\t\n\n\n\n\n<\/div><\/div><div class=\"bde-columns-116-182 bde-columns\"><div class=\"bde-column-116-183 bde-column\">\n  \n  \n\t\n\n\n\n<h1 class=\"bde-heading-116-184 bde-heading\">\nTHE HUB MUC\n<\/h1><div class=\"bde-text-116-185 bde-text\">\nM\u00fcnchen Schwabing 12. - 14. September 2019\n<\/div><a class=\"bde-text-link-116-186 bde-text-link breakdance-link\" href=\"http:\/\/artmuc.info\/\" target=\"_blank\" data-type=\"url\">\n  artmuc.info\n\n<\/a>\n<\/div><div class=\"bde-column-116-187 bde-column\">\n  \n  \n\t\n\n\n\n\n<\/div><\/div><div class=\"bde-columns-116-164 bde-columns\"><div class=\"bde-column-116-165 bde-column\">\n  \n  \n\t\n\n\n\n<h1 class=\"bde-heading-116-166 bde-heading\">\nKunstforum arabellapark\n<\/h1><div class=\"bde-text-116-167 bde-text\">\nM\u00fcchen 30.01. - 14.03.2015\n<\/div><a class=\"bde-text-link-116-168 bde-text-link breakdance-link\" href=\"http:\/\/muenchner-stadtbibliothek.de\/\" target=\"_blank\" data-type=\"url\">\n  muenchner-stadtbibliothek.de\n\n<\/a>\n<\/div><div class=\"bde-column-116-169 bde-column\">\n  \n  \n\t\n\n\n\n\n<\/div><\/div><div class=\"bde-columns-116-170 bde-columns\"><div class=\"bde-column-116-171 bde-column\">\n  \n  \n\t\n\n\n\n<h1 class=\"bde-heading-116-172 bde-heading\">\nAxel Heizmann M\u00f6beldesign\n<\/h1><div class=\"bde-text-116-173 bde-text\">\nSipplingen Pr\u00e4sentantion 2015\n<\/div><a class=\"bde-text-link-116-174 bde-text-link breakdance-link\" href=\"http:\/\/axelheizmann.de\/\" target=\"_blank\" data-type=\"url\">\n  axelheizmann.de\n\n<\/a>\n<\/div><div class=\"bde-column-116-175 bde-column\">\n  \n  \n\t\n\n\n\n\n<\/div><\/div><\/div>\n<\/section>","protected":false},"excerpt":{"rendered":"<p>Impressionen &#8211; Auswahl ART MUC M\u00fcnchen 01. &#8211; 04. Mai 2025 artmuc.info LACHENMANN ART KONSTANZ EinzelausstellungKonstanz 01. Februar &#8211; 22. M\u00e4rz 2025 lachenmann-art.com Jubil\u00e4ums&shy;ausstellung LACHENMANN ART KONSTANZ 10 Jahre Lachenmann Art in Konstanz 18.10. 2024 &#8211; 24.01.2025 lachenmann-art.com INC ART Fair Bodensee Dornbirn &#8211; 15. &#8211; 17. 11.2024 inc-artfair.info\/ Galerie 149 Bremerhaven EinzelausstellungBremerhaven 25.05. &#8211; [&hellip;]<\/p>\n","protected":false},"author":1,"featured_media":0,"parent":0,"menu_order":0,"comment_status":"closed","ping_status":"closed","template":"","meta":{"_breakdance_hide_in_design_set":false,"_breakdance_tags":"","footnotes":""},"class_list":["post-116","page","type-page","status-publish","hentry"],"_links":{"self":[{"href":"https:\/\/christianepieper.de\/en\/wp-json\/wp\/v2\/pages\/116","targetHints":{"allow":["GET"]}}],"collection":[{"href":"https:\/\/christianepieper.de\/en\/wp-json\/wp\/v2\/pages"}],"about":[{"href":"https:\/\/christianepieper.de\/en\/wp-json\/wp\/v2\/types\/page"}],"author":[{"embeddable":true,"href":"https:\/\/christianepieper.de\/en\/wp-json\/wp\/v2\/users\/1"}],"replies":[{"embeddable":true,"href":"https:\/\/christianepieper.de\/en\/wp-json\/wp\/v2\/comments?post=116"}],"version-history":[{"count":45,"href":"https:\/\/christianepieper.de\/en\/wp-json\/wp\/v2\/pages\/116\/revisions"}],"predecessor-version":[{"id":583,"href":"https:\/\/christianepieper.de\/en\/wp-json\/wp\/v2\/pages\/116\/revisions\/583"}],"wp:attachment":[{"href":"https:\/\/christianepieper.de\/en\/wp-json\/wp\/v2\/media?parent=116"}],"curies":[{"name":"wp","href":"https:\/\/api.w.org\/{rel}","templated":true}]}}